{"id":146,"date":"2022-03-21T22:27:51","date_gmt":"2022-03-21T21:27:51","guid":{"rendered":"https:\/\/docteurardiet.fr\/?page_id=146"},"modified":"2024-06-30T08:24:32","modified_gmt":"2024-06-30T06:24:32","slug":"le-cabinet","status":"publish","type":"page","link":"https:\/\/docteurardiet.fr\/?page_id=146","title":{"rendered":"Le cabinet"},"content":{"rendered":"\n<p><\/p>\n\n\n\n<p><\/p>\n\n\n\n<p><strong>PRENDRE RENDEZ-VOUS PAR TELEPHONE<\/strong><\/p>\n\n\n\n<p><strong>03 28 16 92 28<\/strong><br><\/p>\n\n\n\n<hr class=\"wp-block-separator has-css-opacity\"\/>\n\n\n\n<p><a href=\"https:\/\/www.doctolib.fr\/gynecologue-obstetricien\/lille\/emmanuel-ardiet\"><strong>PRENDRE RENDEZ-VOUS EN LIGN<\/strong>E<\/a><br>(attention: tous les cr\u00e9neaux de consultation ne sont pas ouverts \u00e0 la r\u00e9servation en ligne, n&rsquo;h\u00e9sitez pas \u00e0 appeler pour un rendez-vous plus proche )<\/p>\n\n\n\n<p>&nbsp;<br><\/p>\n\n\n\n<p><\/p>\n\n\n\n<p>Le cabinet situ\u00e9 au 36 fa\u00e7ade de l\u2019Esplanade \u00e0 LILLE est d\u00e9sormais ferm\u00e9.<\/p>\n\n\n\n<p><\/p>\n\n\n\n<p>J&rsquo;exerce d\u00e9sormais exclusivement sur le site de l&rsquo;H\u00f4pital Priv\u00e9 le Bois, 44 avenue Marx Dormoy \u00e0 LILLE<br><\/p>\n","protected":false},"excerpt":{"rendered":"<p>PRENDRE RENDEZ-VOUS PAR TELEPHONE 03 28 16 92 28 PRENDRE RENDEZ-VOUS EN LIGNE(attention: tous les cr\u00e9neaux de consultation ne sont pas ouverts \u00e0 la r\u00e9servation en ligne, n&rsquo;h\u00e9sitez pas \u00e0 appeler pour un rendez-vous plus proche ) &nbsp; Le cabinet situ\u00e9 au 36 fa\u00e7ade de l\u2019Esplanade \u00e0 LILLE est d\u00e9sormais ferm\u00e9. J&rsquo;exerce d\u00e9sormais exclusivement sur &hellip; <\/p>\n<p class=\"link-more\"><a href=\"https:\/\/docteurardiet.fr\/?page_id=146\" class=\"more-link\">Continuer la lecture<span class=\"screen-reader-text\"> de &laquo;&nbsp;Le cabinet&nbsp;&raquo;<\/span><\/a><\/p>\n","protected":false},"author":1,"featured_media":0,"parent":0,"menu_order":0,"comment_status":"closed","ping_status":"closed","template":"","meta":{"footnotes":""},"yoast_head":"<!-- This site is optimized with the Yoast SEO plugin v20.4 - https:\/\/yoast.com\/wordpress\/plugins\/seo\/ -->\n<title>Le cabinet - Dr Emmanuel ARDIET<\/title>\n<meta name=\"robots\" content=\"index, follow, max-snippet:-1, max-image-preview:large, max-video-preview:-1\" \/>\n<link rel=\"canonical\" href=\"https:\/\/docteurardiet.fr\/?page_id=146\" \/>\n<meta property=\"og:locale\" content=\"fr_FR\" \/>\n<meta property=\"og:type\" content=\"article\" \/>\n<meta property=\"og:title\" content=\"Le cabinet - Dr Emmanuel ARDIET\" \/>\n<meta property=\"og:description\" content=\"PRENDRE RENDEZ-VOUS PAR TELEPHONE 03 28 16 92 28 PRENDRE RENDEZ-VOUS EN LIGNE(attention: tous les cr\u00e9neaux de consultation ne sont pas ouverts \u00e0 la r\u00e9servation en ligne, n&rsquo;h\u00e9sitez pas \u00e0 appeler pour un rendez-vous plus proche ) &nbsp; Le cabinet situ\u00e9 au 36 fa\u00e7ade de l\u2019Esplanade \u00e0 LILLE est d\u00e9sormais ferm\u00e9. J&rsquo;exerce d\u00e9sormais exclusivement sur &hellip; Continuer la lecture de &laquo;&nbsp;Le cabinet&nbsp;&raquo;\" \/>\n<meta property=\"og:url\" content=\"https:\/\/docteurardiet.fr\/?page_id=146\" \/>\n<meta property=\"og:site_name\" content=\"Dr Emmanuel ARDIET\" \/>\n<meta property=\"article:modified_time\" content=\"2024-06-30T06:24:32+00:00\" \/>\n<meta name=\"twitter:card\" content=\"summary_large_image\" \/>\n<meta name=\"twitter:label1\" content=\"Dur\u00e9e de lecture estim\u00e9e\" \/>\n\t<meta name=\"twitter:data1\" content=\"1 minute\" \/>\n<script type=\"application\/ld+json\" class=\"yoast-schema-graph\">{\"@context\":\"https:\/\/schema.org\",\"@graph\":[{\"@type\":\"WebPage\",\"@id\":\"https:\/\/docteurardiet.fr\/?page_id=146\",\"url\":\"https:\/\/docteurardiet.fr\/?page_id=146\",\"name\":\"Le cabinet - Dr Emmanuel ARDIET\",\"isPartOf\":{\"@id\":\"https:\/\/docteurardiet.fr\/#website\"},\"datePublished\":\"2022-03-21T21:27:51+00:00\",\"dateModified\":\"2024-06-30T06:24:32+00:00\",\"breadcrumb\":{\"@id\":\"https:\/\/docteurardiet.fr\/?page_id=146#breadcrumb\"},\"inLanguage\":\"fr-FR\",\"potentialAction\":[{\"@type\":\"ReadAction\",\"target\":[\"https:\/\/docteurardiet.fr\/?page_id=146\"]}]},{\"@type\":\"BreadcrumbList\",\"@id\":\"https:\/\/docteurardiet.fr\/?page_id=146#breadcrumb\",\"itemListElement\":[{\"@type\":\"ListItem\",\"position\":1,\"name\":\"Accueil\",\"item\":\"https:\/\/docteurardiet.fr\/\"},{\"@type\":\"ListItem\",\"position\":2,\"name\":\"Le cabinet\"}]},{\"@type\":\"WebSite\",\"@id\":\"https:\/\/docteurardiet.fr\/#website\",\"url\":\"https:\/\/docteurardiet.fr\/\",\"name\":\"Dr Emmanuel ARDIET\",\"description\":\"Gyn\u00e9cologue-obst\u00e9tricien \u00e0 Lille\",\"potentialAction\":[{\"@type\":\"SearchAction\",\"target\":{\"@type\":\"EntryPoint\",\"urlTemplate\":\"https:\/\/docteurardiet.fr\/?s={search_term_string}\"},\"query-input\":\"required name=search_term_string\"}],\"inLanguage\":\"fr-FR\"}]}<\/script>\n<!-- \/ Yoast SEO plugin. -->","yoast_head_json":{"title":"Le cabinet - Dr Emmanuel ARDIET","robots":{"index":"index","follow":"follow","max-snippet":"max-snippet:-1","max-image-preview":"max-image-preview:large","max-video-preview":"max-video-preview:-1"},"canonical":"https:\/\/docteurardiet.fr\/?page_id=146","og_locale":"fr_FR","og_type":"article","og_title":"Le cabinet - Dr Emmanuel ARDIET","og_description":"PRENDRE RENDEZ-VOUS PAR TELEPHONE 03 28 16 92 28 PRENDRE RENDEZ-VOUS EN LIGNE(attention: tous les cr\u00e9neaux de consultation ne sont pas ouverts \u00e0 la r\u00e9servation en ligne, n&rsquo;h\u00e9sitez pas \u00e0 appeler pour un rendez-vous plus proche ) &nbsp; Le cabinet situ\u00e9 au 36 fa\u00e7ade de l\u2019Esplanade \u00e0 LILLE est d\u00e9sormais ferm\u00e9. J&rsquo;exerce d\u00e9sormais exclusivement sur &hellip; Continuer la lecture de &laquo;&nbsp;Le cabinet&nbsp;&raquo;","og_url":"https:\/\/docteurardiet.fr\/?page_id=146","og_site_name":"Dr Emmanuel ARDIET","article_modified_time":"2024-06-30T06:24:32+00:00","twitter_card":"summary_large_image","twitter_misc":{"Dur\u00e9e de lecture estim\u00e9e":"1 minute"},"schema":{"@context":"https:\/\/schema.org","@graph":[{"@type":"WebPage","@id":"https:\/\/docteurardiet.fr\/?page_id=146","url":"https:\/\/docteurardiet.fr\/?page_id=146","name":"Le cabinet - Dr Emmanuel ARDIET","isPartOf":{"@id":"https:\/\/docteurardiet.fr\/#website"},"datePublished":"2022-03-21T21:27:51+00:00","dateModified":"2024-06-30T06:24:32+00:00","breadcrumb":{"@id":"https:\/\/docteurardiet.fr\/?page_id=146#breadcrumb"},"inLanguage":"fr-FR","potentialAction":[{"@type":"ReadAction","target":["https:\/\/docteurardiet.fr\/?page_id=146"]}]},{"@type":"BreadcrumbList","@id":"https:\/\/docteurardiet.fr\/?page_id=146#breadcrumb","itemListElement":[{"@type":"ListItem","position":1,"name":"Accueil","item":"https:\/\/docteurardiet.fr\/"},{"@type":"ListItem","position":2,"name":"Le cabinet"}]},{"@type":"WebSite","@id":"https:\/\/docteurardiet.fr\/#website","url":"https:\/\/docteurardiet.fr\/","name":"Dr Emmanuel ARDIET","description":"Gyn\u00e9cologue-obst\u00e9tricien \u00e0 Lille","potentialAction":[{"@type":"SearchAction","target":{"@type":"EntryPoint","urlTemplate":"https:\/\/docteurardiet.fr\/?s={search_term_string}"},"query-input":"required name=search_term_string"}],"inLanguage":"fr-FR"}]}},"_links":{"self":[{"href":"https:\/\/docteurardiet.fr\/index.php?rest_route=\/wp\/v2\/pages\/146"}],"collection":[{"href":"https:\/\/docteurardiet.fr\/index.php?rest_route=\/wp\/v2\/pages"}],"about":[{"href":"https:\/\/docteurardiet.fr\/index.php?rest_route=\/wp\/v2\/types\/page"}],"author":[{"embeddable":true,"href":"https:\/\/docteurardiet.fr\/index.php?rest_route=\/wp\/v2\/users\/1"}],"replies":[{"embeddable":true,"href":"https:\/\/docteurardiet.fr\/index.php?rest_route=%2Fwp%2Fv2%2Fcomments&post=146"}],"version-history":[{"count":4,"href":"https:\/\/docteurardiet.fr\/index.php?rest_route=\/wp\/v2\/pages\/146\/revisions"}],"predecessor-version":[{"id":223,"href":"https:\/\/docteurardiet.fr\/index.php?rest_route=\/wp\/v2\/pages\/146\/revisions\/223"}],"wp:attachment":[{"href":"https:\/\/docteurardiet.fr\/index.php?rest_route=%2Fwp%2Fv2%2Fmedia&parent=146"}],"curies":[{"name":"wp","href":"https:\/\/api.w.org\/{rel}","templated":true}]}}