{"id":158,"date":"2022-03-21T22:28:24","date_gmt":"2022-03-21T21:28:24","guid":{"rendered":"https:\/\/docteurardiet.fr\/?page_id=158"},"modified":"2022-03-21T22:28:25","modified_gmt":"2022-03-21T21:28:25","slug":"colposcopie","status":"publish","type":"page","link":"https:\/\/docteurardiet.fr\/?page_id=158","title":{"rendered":"Colposcopie"},"content":{"rendered":"\n<p>La colposcopie est l&rsquo;exploration visuelle du col ut\u00e9rin et du vagin avec l&rsquo;aide d&rsquo;une sorte de  loupe binoculaire, le colposcope. En appliquant des colorants au contact des tissus, on peut observer d&rsquo;\u00e9ventuelles anomalies et diriger des biopsies pour en faire le diagnostic. <\/p>\n\n\n\n<p>La colposcopie fait g\u00e9n\u00e9ralement suite \u00e0 la d\u00e9couverte d&rsquo;anomalies au frottis de d\u00e9pistage. Votre m\u00e9decin oou votre sage-femme vous recommande alors de prendre un rendez-vous de colposcopie afin d&rsquo;adapter la conduite \u00e0 tenir ult\u00e9rieure: surveillance ou traitement.<\/p>\n\n\n\n<p>Le geste technique proprement dit est pr\u00e9c\u00e9d\u00e9 d&rsquo;une consultation, essentielle pour pr\u00e9ciser la situation, l&rsquo;int\u00e9r\u00eat de la colposcopie et les r\u00e9sultats attendus.<\/p>\n\n\n\n<p>Dans sa r\u00e9alisation, l&rsquo;examen est assez proche d&rsquo;un frottis mais dure un peu plus longtemps. Il n&rsquo;est pas absolument pas douloureux. Une biopsie est parfois n\u00e9cessaire afin de pr\u00e9ciser le diagnostic suspect\u00e9 par le frottis. <\/p>\n\n\n\n<p>L&rsquo;interpr\u00e9tation de la colposcopie est imm\u00e9diate En revanche si une biopsie a \u00e9t\u00e9 r\u00e9alis\u00e9e les r\u00e9sultats sont obtenus en 10-15 jours environ.  La conclusion d\u00e9finitive et la d\u00e9cision de traitement n\u2019interviennent alors qu\u2019apr\u00e8s le r\u00e9sultat du laboratoire.<\/p>\n\n\n\n<p><\/p>\n","protected":false},"excerpt":{"rendered":"<p>La colposcopie est l&rsquo;exploration visuelle du col ut\u00e9rin et du vagin avec l&rsquo;aide d&rsquo;une sorte de loupe binoculaire, le colposcope. En appliquant des colorants au contact des tissus, on peut observer d&rsquo;\u00e9ventuelles anomalies et diriger des biopsies pour en faire le diagnostic. La colposcopie fait g\u00e9n\u00e9ralement suite \u00e0 la d\u00e9couverte d&rsquo;anomalies au frottis de d\u00e9pistage. &hellip; <\/p>\n<p class=\"link-more\"><a href=\"https:\/\/docteurardiet.fr\/?page_id=158\" class=\"more-link\">Continuer la lecture<span class=\"screen-reader-text\"> de &laquo;&nbsp;Colposcopie&nbsp;&raquo;<\/span><\/a><\/p>\n","protected":false},"author":1,"featured_media":0,"parent":0,"menu_order":0,"comment_status":"closed","ping_status":"closed","template":"","meta":{"footnotes":""},"yoast_head":"<!-- This site is optimized with the Yoast SEO plugin v20.4 - https:\/\/yoast.com\/wordpress\/plugins\/seo\/ -->\n<title>Colposcopie - Dr Emmanuel ARDIET<\/title>\n<meta name=\"robots\" content=\"index, follow, max-snippet:-1, max-image-preview:large, max-video-preview:-1\" \/>\n<link rel=\"canonical\" href=\"https:\/\/docteurardiet.fr\/?page_id=158\" \/>\n<meta property=\"og:locale\" content=\"fr_FR\" \/>\n<meta property=\"og:type\" content=\"article\" \/>\n<meta property=\"og:title\" content=\"Colposcopie - Dr Emmanuel ARDIET\" \/>\n<meta property=\"og:description\" content=\"La colposcopie est l&rsquo;exploration visuelle du col ut\u00e9rin et du vagin avec l&rsquo;aide d&rsquo;une sorte de loupe binoculaire, le colposcope. En appliquant des colorants au contact des tissus, on peut observer d&rsquo;\u00e9ventuelles anomalies et diriger des biopsies pour en faire le diagnostic. La colposcopie fait g\u00e9n\u00e9ralement suite \u00e0 la d\u00e9couverte d&rsquo;anomalies au frottis de d\u00e9pistage. &hellip; Continuer la lecture de &laquo;&nbsp;Colposcopie&nbsp;&raquo;\" \/>\n<meta property=\"og:url\" content=\"https:\/\/docteurardiet.fr\/?page_id=158\" \/>\n<meta property=\"og:site_name\" content=\"Dr Emmanuel ARDIET\" \/>\n<meta property=\"article:modified_time\" content=\"2022-03-21T21:28:25+00:00\" \/>\n<meta name=\"twitter:card\" content=\"summary_large_image\" \/>\n<meta name=\"twitter:label1\" content=\"Dur\u00e9e de lecture estim\u00e9e\" \/>\n\t<meta name=\"twitter:data1\" content=\"1 minute\" \/>\n<script type=\"application\/ld+json\" class=\"yoast-schema-graph\">{\"@context\":\"https:\/\/schema.org\",\"@graph\":[{\"@type\":\"WebPage\",\"@id\":\"https:\/\/docteurardiet.fr\/?page_id=158\",\"url\":\"https:\/\/docteurardiet.fr\/?page_id=158\",\"name\":\"Colposcopie - Dr Emmanuel ARDIET\",\"isPartOf\":{\"@id\":\"https:\/\/docteurardiet.fr\/#website\"},\"datePublished\":\"2022-03-21T21:28:24+00:00\",\"dateModified\":\"2022-03-21T21:28:25+00:00\",\"breadcrumb\":{\"@id\":\"https:\/\/docteurardiet.fr\/?page_id=158#breadcrumb\"},\"inLanguage\":\"fr-FR\",\"potentialAction\":[{\"@type\":\"ReadAction\",\"target\":[\"https:\/\/docteurardiet.fr\/?page_id=158\"]}]},{\"@type\":\"BreadcrumbList\",\"@id\":\"https:\/\/docteurardiet.fr\/?page_id=158#breadcrumb\",\"itemListElement\":[{\"@type\":\"ListItem\",\"position\":1,\"name\":\"Accueil\",\"item\":\"https:\/\/docteurardiet.fr\/\"},{\"@type\":\"ListItem\",\"position\":2,\"name\":\"Colposcopie\"}]},{\"@type\":\"WebSite\",\"@id\":\"https:\/\/docteurardiet.fr\/#website\",\"url\":\"https:\/\/docteurardiet.fr\/\",\"name\":\"Dr Emmanuel ARDIET\",\"description\":\"Gyn\u00e9cologue-obst\u00e9tricien \u00e0 Lille\",\"potentialAction\":[{\"@type\":\"SearchAction\",\"target\":{\"@type\":\"EntryPoint\",\"urlTemplate\":\"https:\/\/docteurardiet.fr\/?s={search_term_string}\"},\"query-input\":\"required name=search_term_string\"}],\"inLanguage\":\"fr-FR\"}]}<\/script>\n<!-- \/ Yoast SEO plugin. -->","yoast_head_json":{"title":"Colposcopie - Dr Emmanuel ARDIET","robots":{"index":"index","follow":"follow","max-snippet":"max-snippet:-1","max-image-preview":"max-image-preview:large","max-video-preview":"max-video-preview:-1"},"canonical":"https:\/\/docteurardiet.fr\/?page_id=158","og_locale":"fr_FR","og_type":"article","og_title":"Colposcopie - Dr Emmanuel ARDIET","og_description":"La colposcopie est l&rsquo;exploration visuelle du col ut\u00e9rin et du vagin avec l&rsquo;aide d&rsquo;une sorte de loupe binoculaire, le colposcope. En appliquant des colorants au contact des tissus, on peut observer d&rsquo;\u00e9ventuelles anomalies et diriger des biopsies pour en faire le diagnostic. La colposcopie fait g\u00e9n\u00e9ralement suite \u00e0 la d\u00e9couverte d&rsquo;anomalies au frottis de d\u00e9pistage. &hellip; Continuer la lecture de &laquo;&nbsp;Colposcopie&nbsp;&raquo;","og_url":"https:\/\/docteurardiet.fr\/?page_id=158","og_site_name":"Dr Emmanuel ARDIET","article_modified_time":"2022-03-21T21:28:25+00:00","twitter_card":"summary_large_image","twitter_misc":{"Dur\u00e9e de lecture estim\u00e9e":"1 minute"},"schema":{"@context":"https:\/\/schema.org","@graph":[{"@type":"WebPage","@id":"https:\/\/docteurardiet.fr\/?page_id=158","url":"https:\/\/docteurardiet.fr\/?page_id=158","name":"Colposcopie - Dr Emmanuel ARDIET","isPartOf":{"@id":"https:\/\/docteurardiet.fr\/#website"},"datePublished":"2022-03-21T21:28:24+00:00","dateModified":"2022-03-21T21:28:25+00:00","breadcrumb":{"@id":"https:\/\/docteurardiet.fr\/?page_id=158#breadcrumb"},"inLanguage":"fr-FR","potentialAction":[{"@type":"ReadAction","target":["https:\/\/docteurardiet.fr\/?page_id=158"]}]},{"@type":"BreadcrumbList","@id":"https:\/\/docteurardiet.fr\/?page_id=158#breadcrumb","itemListElement":[{"@type":"ListItem","position":1,"name":"Accueil","item":"https:\/\/docteurardiet.fr\/"},{"@type":"ListItem","position":2,"name":"Colposcopie"}]},{"@type":"WebSite","@id":"https:\/\/docteurardiet.fr\/#website","url":"https:\/\/docteurardiet.fr\/","name":"Dr Emmanuel ARDIET","description":"Gyn\u00e9cologue-obst\u00e9tricien \u00e0 Lille","potentialAction":[{"@type":"SearchAction","target":{"@type":"EntryPoint","urlTemplate":"https:\/\/docteurardiet.fr\/?s={search_term_string}"},"query-input":"required name=search_term_string"}],"inLanguage":"fr-FR"}]}},"_links":{"self":[{"href":"https:\/\/docteurardiet.fr\/index.php?rest_route=\/wp\/v2\/pages\/158"}],"collection":[{"href":"https:\/\/docteurardiet.fr\/index.php?rest_route=\/wp\/v2\/pages"}],"about":[{"href":"https:\/\/docteurardiet.fr\/index.php?rest_route=\/wp\/v2\/types\/page"}],"author":[{"embeddable":true,"href":"https:\/\/docteurardiet.fr\/index.php?rest_route=\/wp\/v2\/users\/1"}],"replies":[{"embeddable":true,"href":"https:\/\/docteurardiet.fr\/index.php?rest_route=%2Fwp%2Fv2%2Fcomments&post=158"}],"version-history":[{"count":3,"href":"https:\/\/docteurardiet.fr\/index.php?rest_route=\/wp\/v2\/pages\/158\/revisions"}],"predecessor-version":[{"id":184,"href":"https:\/\/docteurardiet.fr\/index.php?rest_route=\/wp\/v2\/pages\/158\/revisions\/184"}],"wp:attachment":[{"href":"https:\/\/docteurardiet.fr\/index.php?rest_route=%2Fwp%2Fv2%2Fmedia&parent=158"}],"curies":[{"name":"wp","href":"https:\/\/api.w.org\/{rel}","templated":true}]}}