{"id":174,"date":"2022-03-20T21:40:33","date_gmt":"2022-03-20T20:40:33","guid":{"rendered":"https:\/\/docteurardiet.fr\/?page_id=174"},"modified":"2022-03-21T22:41:28","modified_gmt":"2022-03-21T21:41:28","slug":"activites-realisees","status":"publish","type":"page","link":"https:\/\/docteurardiet.fr\/?page_id=174","title":{"rendered":"Activit\u00e9s r\u00e9alis\u00e9es"},"content":{"rendered":"\n<p>Le Docteur ARDIET r\u00e9alise les activit\u00e9s suivantes:<\/p>\n\n\n\n<ul><li>gyn\u00e9cologie m\u00e9dicale: suivi gyn\u00e9cologique, contraception, m\u00e9nopause, infertilit\u00e9 (premier niveau)<\/li><li><a href=\"http:\/\/colposcopie\" data-type=\"URL\" data-id=\"colposcopie\">colposcopie<\/a>, laser gyn\u00e9cologique<\/li><li><a href=\"http:\/\/ivg\" data-type=\"URL\" data-id=\"ivg\">IVG m\u00e9dicamenteuses en ville<\/a><\/li><li>chirurgie gyn\u00e9cologique <\/li><li>obst\u00e9trique: suivi de grossesse, \u00e9chographie pr\u00e9natale, accouchements <\/li><\/ul>\n\n\n\n<p><\/p>\n","protected":false},"excerpt":{"rendered":"<p>Le Docteur ARDIET r\u00e9alise les activit\u00e9s suivantes: gyn\u00e9cologie m\u00e9dicale: suivi gyn\u00e9cologique, contraception, m\u00e9nopause, infertilit\u00e9 (premier niveau) colposcopie, laser gyn\u00e9cologique IVG m\u00e9dicamenteuses en ville chirurgie gyn\u00e9cologique obst\u00e9trique: suivi de grossesse, \u00e9chographie pr\u00e9natale, accouchements<\/p>\n","protected":false},"author":1,"featured_media":0,"parent":0,"menu_order":0,"comment_status":"closed","ping_status":"closed","template":"","meta":{"footnotes":""},"yoast_head":"<!-- This site is optimized with the Yoast SEO plugin v20.4 - https:\/\/yoast.com\/wordpress\/plugins\/seo\/ -->\n<title>Activit\u00e9s r\u00e9alis\u00e9es - Dr Emmanuel ARDIET<\/title>\n<meta name=\"robots\" content=\"index, follow, max-snippet:-1, max-image-preview:large, max-video-preview:-1\" \/>\n<link rel=\"canonical\" href=\"https:\/\/docteurardiet.fr\/?page_id=174\" \/>\n<meta property=\"og:locale\" content=\"fr_FR\" \/>\n<meta property=\"og:type\" content=\"article\" \/>\n<meta property=\"og:title\" content=\"Activit\u00e9s r\u00e9alis\u00e9es - Dr Emmanuel ARDIET\" \/>\n<meta property=\"og:description\" content=\"Le Docteur ARDIET r\u00e9alise les activit\u00e9s suivantes: gyn\u00e9cologie m\u00e9dicale: suivi gyn\u00e9cologique, contraception, m\u00e9nopause, infertilit\u00e9 (premier niveau) colposcopie, laser gyn\u00e9cologique IVG m\u00e9dicamenteuses en ville chirurgie gyn\u00e9cologique obst\u00e9trique: suivi de grossesse, \u00e9chographie pr\u00e9natale, accouchements\" \/>\n<meta property=\"og:url\" content=\"https:\/\/docteurardiet.fr\/?page_id=174\" \/>\n<meta property=\"og:site_name\" content=\"Dr Emmanuel ARDIET\" \/>\n<meta property=\"article:modified_time\" content=\"2022-03-21T21:41:28+00:00\" \/>\n<meta name=\"twitter:card\" content=\"summary_large_image\" \/>\n<script type=\"application\/ld+json\" class=\"yoast-schema-graph\">{\"@context\":\"https:\/\/schema.org\",\"@graph\":[{\"@type\":\"WebPage\",\"@id\":\"https:\/\/docteurardiet.fr\/?page_id=174\",\"url\":\"https:\/\/docteurardiet.fr\/?page_id=174\",\"name\":\"Activit\u00e9s r\u00e9alis\u00e9es - Dr Emmanuel ARDIET\",\"isPartOf\":{\"@id\":\"https:\/\/docteurardiet.fr\/#website\"},\"datePublished\":\"2022-03-20T20:40:33+00:00\",\"dateModified\":\"2022-03-21T21:41:28+00:00\",\"breadcrumb\":{\"@id\":\"https:\/\/docteurardiet.fr\/?page_id=174#breadcrumb\"},\"inLanguage\":\"fr-FR\",\"potentialAction\":[{\"@type\":\"ReadAction\",\"target\":[\"https:\/\/docteurardiet.fr\/?page_id=174\"]}]},{\"@type\":\"BreadcrumbList\",\"@id\":\"https:\/\/docteurardiet.fr\/?page_id=174#breadcrumb\",\"itemListElement\":[{\"@type\":\"ListItem\",\"position\":1,\"name\":\"Accueil\",\"item\":\"https:\/\/docteurardiet.fr\/\"},{\"@type\":\"ListItem\",\"position\":2,\"name\":\"Activit\u00e9s r\u00e9alis\u00e9es\"}]},{\"@type\":\"WebSite\",\"@id\":\"https:\/\/docteurardiet.fr\/#website\",\"url\":\"https:\/\/docteurardiet.fr\/\",\"name\":\"Dr Emmanuel ARDIET\",\"description\":\"Gyn\u00e9cologue-obst\u00e9tricien \u00e0 Lille\",\"potentialAction\":[{\"@type\":\"SearchAction\",\"target\":{\"@type\":\"EntryPoint\",\"urlTemplate\":\"https:\/\/docteurardiet.fr\/?s={search_term_string}\"},\"query-input\":\"required name=search_term_string\"}],\"inLanguage\":\"fr-FR\"}]}<\/script>\n<!-- \/ Yoast SEO plugin. -->","yoast_head_json":{"title":"Activit\u00e9s r\u00e9alis\u00e9es - Dr Emmanuel ARDIET","robots":{"index":"index","follow":"follow","max-snippet":"max-snippet:-1","max-image-preview":"max-image-preview:large","max-video-preview":"max-video-preview:-1"},"canonical":"https:\/\/docteurardiet.fr\/?page_id=174","og_locale":"fr_FR","og_type":"article","og_title":"Activit\u00e9s r\u00e9alis\u00e9es - Dr Emmanuel ARDIET","og_description":"Le Docteur ARDIET r\u00e9alise les activit\u00e9s suivantes: gyn\u00e9cologie m\u00e9dicale: suivi gyn\u00e9cologique, contraception, m\u00e9nopause, infertilit\u00e9 (premier niveau) colposcopie, laser gyn\u00e9cologique IVG m\u00e9dicamenteuses en ville chirurgie gyn\u00e9cologique obst\u00e9trique: suivi de grossesse, \u00e9chographie pr\u00e9natale, accouchements","og_url":"https:\/\/docteurardiet.fr\/?page_id=174","og_site_name":"Dr Emmanuel ARDIET","article_modified_time":"2022-03-21T21:41:28+00:00","twitter_card":"summary_large_image","schema":{"@context":"https:\/\/schema.org","@graph":[{"@type":"WebPage","@id":"https:\/\/docteurardiet.fr\/?page_id=174","url":"https:\/\/docteurardiet.fr\/?page_id=174","name":"Activit\u00e9s r\u00e9alis\u00e9es - Dr Emmanuel ARDIET","isPartOf":{"@id":"https:\/\/docteurardiet.fr\/#website"},"datePublished":"2022-03-20T20:40:33+00:00","dateModified":"2022-03-21T21:41:28+00:00","breadcrumb":{"@id":"https:\/\/docteurardiet.fr\/?page_id=174#breadcrumb"},"inLanguage":"fr-FR","potentialAction":[{"@type":"ReadAction","target":["https:\/\/docteurardiet.fr\/?page_id=174"]}]},{"@type":"BreadcrumbList","@id":"https:\/\/docteurardiet.fr\/?page_id=174#breadcrumb","itemListElement":[{"@type":"ListItem","position":1,"name":"Accueil","item":"https:\/\/docteurardiet.fr\/"},{"@type":"ListItem","position":2,"name":"Activit\u00e9s r\u00e9alis\u00e9es"}]},{"@type":"WebSite","@id":"https:\/\/docteurardiet.fr\/#website","url":"https:\/\/docteurardiet.fr\/","name":"Dr Emmanuel ARDIET","description":"Gyn\u00e9cologue-obst\u00e9tricien \u00e0 Lille","potentialAction":[{"@type":"SearchAction","target":{"@type":"EntryPoint","urlTemplate":"https:\/\/docteurardiet.fr\/?s={search_term_string}"},"query-input":"required name=search_term_string"}],"inLanguage":"fr-FR"}]}},"_links":{"self":[{"href":"https:\/\/docteurardiet.fr\/index.php?rest_route=\/wp\/v2\/pages\/174"}],"collection":[{"href":"https:\/\/docteurardiet.fr\/index.php?rest_route=\/wp\/v2\/pages"}],"about":[{"href":"https:\/\/docteurardiet.fr\/index.php?rest_route=\/wp\/v2\/types\/page"}],"author":[{"embeddable":true,"href":"https:\/\/docteurardiet.fr\/index.php?rest_route=\/wp\/v2\/users\/1"}],"replies":[{"embeddable":true,"href":"https:\/\/docteurardiet.fr\/index.php?rest_route=%2Fwp%2Fv2%2Fcomments&post=174"}],"version-history":[{"count":2,"href":"https:\/\/docteurardiet.fr\/index.php?rest_route=\/wp\/v2\/pages\/174\/revisions"}],"predecessor-version":[{"id":189,"href":"https:\/\/docteurardiet.fr\/index.php?rest_route=\/wp\/v2\/pages\/174\/revisions\/189"}],"wp:attachment":[{"href":"https:\/\/docteurardiet.fr\/index.php?rest_route=%2Fwp%2Fv2%2Fmedia&parent=174"}],"curies":[{"name":"wp","href":"https:\/\/api.w.org\/{rel}","templated":true}]}}