{"id":198,"date":"2022-03-22T08:50:26","date_gmt":"2022-03-22T07:50:26","guid":{"rendered":"https:\/\/docteurardiet.fr\/?page_id=198"},"modified":"2022-03-22T08:51:55","modified_gmt":"2022-03-22T07:51:55","slug":"honoraires","status":"publish","type":"page","link":"https:\/\/docteurardiet.fr\/?page_id=198","title":{"rendered":"Honoraires"},"content":{"rendered":"\n<p>Je suis install\u00e9 en secteur 2, c&rsquo;est \u00e0 dire que le montant de mes honoraires est fix\u00e9 librement. La Convention que j&rsquo;ai sign\u00e9e avec l&rsquo;Assurance Maladie m&rsquo;oblige toutefois \u00e0 pratiquer le tarif opposable dans certaines situations (CMU, ACS). <\/p>\n\n\n\n<p>J&rsquo;ai par ailleurs sign\u00e9 l&rsquo;OPTAM-CO, qui permet un meilleur remboursement des patientes par les mutuelles, en \u00e9change de blocage de mes honoraires (ceux-ci n&rsquo;ont pas vari\u00e9 depuis 2016).<\/p>\n\n\n\n<p>Mes tarifs sont transparents, affich\u00e9s en salle d&rsquo;attente, et v\u00e9rifiables <a href=\"http:\/\/annuairesante.ameli.fr\">sur le site de l&rsquo;Assurance Maladie<\/a>.<\/p>\n\n\n\n<p>Avant tout acte chirurgical, je vous remettrai un devis afin que vous connaissiez exactement ce qui restera \u00e0 la charge de votre assurance compl\u00e9mentaire ou \u00e0 votre charge si elle ne rembourse pas la totalit\u00e9 du tarif r\u00e9el.<\/p>\n\n\n\n<p>Principaux tarifs pratiqu\u00e9s:<\/p>\n\n\n\n<ul><li>Consultation: 55\u20ac<\/li><li>Consultation avec frottis: 65\u20ac<\/li><li>Colposcopie: 85\u20ac<\/li><li>Pose de DIU avec contr\u00f4le \u00e9chographique: 90\u20ac<\/li><li>\u00c9chographie pelvienne: 75\u20ac<\/li><li>\u00c9chographies du 1er, second et 3\u00e8me trimestres de la grossesse: 110, 130, 120\u20ac<\/li><li>Hyst\u00e9roscopie: 150\u20ac<\/li><li>Accouchement: 623 \u00e0 893\u20ac<\/li><li>St\u00e9rilisation tubaire coelioscopique: 400\u20ac<\/li><\/ul>\n\n\n\n<p><\/p>\n","protected":false},"excerpt":{"rendered":"<p>Je suis install\u00e9 en secteur 2, c&rsquo;est \u00e0 dire que le montant de mes honoraires est fix\u00e9 librement. La Convention que j&rsquo;ai sign\u00e9e avec l&rsquo;Assurance Maladie m&rsquo;oblige toutefois \u00e0 pratiquer le tarif opposable dans certaines situations (CMU, ACS). J&rsquo;ai par ailleurs sign\u00e9 l&rsquo;OPTAM-CO, qui permet un meilleur remboursement des patientes par les mutuelles, en \u00e9change &hellip; <\/p>\n<p class=\"link-more\"><a href=\"https:\/\/docteurardiet.fr\/?page_id=198\" class=\"more-link\">Continuer la lecture<span class=\"screen-reader-text\"> de &laquo;&nbsp;Honoraires&nbsp;&raquo;<\/span><\/a><\/p>\n","protected":false},"author":1,"featured_media":0,"parent":0,"menu_order":0,"comment_status":"closed","ping_status":"closed","template":"","meta":{"footnotes":""},"yoast_head":"<!-- This site is optimized with the Yoast SEO plugin v20.4 - https:\/\/yoast.com\/wordpress\/plugins\/seo\/ -->\n<title>Honoraires - Dr Emmanuel ARDIET<\/title>\n<meta name=\"robots\" content=\"index, follow, max-snippet:-1, max-image-preview:large, max-video-preview:-1\" \/>\n<link rel=\"canonical\" href=\"https:\/\/docteurardiet.fr\/?page_id=198\" \/>\n<meta property=\"og:locale\" content=\"fr_FR\" \/>\n<meta property=\"og:type\" content=\"article\" \/>\n<meta property=\"og:title\" content=\"Honoraires - Dr Emmanuel ARDIET\" \/>\n<meta property=\"og:description\" content=\"Je suis install\u00e9 en secteur 2, c&rsquo;est \u00e0 dire que le montant de mes honoraires est fix\u00e9 librement. La Convention que j&rsquo;ai sign\u00e9e avec l&rsquo;Assurance Maladie m&rsquo;oblige toutefois \u00e0 pratiquer le tarif opposable dans certaines situations (CMU, ACS). J&rsquo;ai par ailleurs sign\u00e9 l&rsquo;OPTAM-CO, qui permet un meilleur remboursement des patientes par les mutuelles, en \u00e9change &hellip; Continuer la lecture de &laquo;&nbsp;Honoraires&nbsp;&raquo;\" \/>\n<meta property=\"og:url\" content=\"https:\/\/docteurardiet.fr\/?page_id=198\" \/>\n<meta property=\"og:site_name\" content=\"Dr Emmanuel ARDIET\" \/>\n<meta property=\"article:modified_time\" content=\"2022-03-22T07:51:55+00:00\" \/>\n<meta name=\"twitter:card\" content=\"summary_large_image\" \/>\n<meta name=\"twitter:label1\" content=\"Dur\u00e9e de lecture estim\u00e9e\" \/>\n\t<meta name=\"twitter:data1\" content=\"1 minute\" \/>\n<script type=\"application\/ld+json\" class=\"yoast-schema-graph\">{\"@context\":\"https:\/\/schema.org\",\"@graph\":[{\"@type\":\"WebPage\",\"@id\":\"https:\/\/docteurardiet.fr\/?page_id=198\",\"url\":\"https:\/\/docteurardiet.fr\/?page_id=198\",\"name\":\"Honoraires - Dr Emmanuel ARDIET\",\"isPartOf\":{\"@id\":\"https:\/\/docteurardiet.fr\/#website\"},\"datePublished\":\"2022-03-22T07:50:26+00:00\",\"dateModified\":\"2022-03-22T07:51:55+00:00\",\"breadcrumb\":{\"@id\":\"https:\/\/docteurardiet.fr\/?page_id=198#breadcrumb\"},\"inLanguage\":\"fr-FR\",\"potentialAction\":[{\"@type\":\"ReadAction\",\"target\":[\"https:\/\/docteurardiet.fr\/?page_id=198\"]}]},{\"@type\":\"BreadcrumbList\",\"@id\":\"https:\/\/docteurardiet.fr\/?page_id=198#breadcrumb\",\"itemListElement\":[{\"@type\":\"ListItem\",\"position\":1,\"name\":\"Accueil\",\"item\":\"https:\/\/docteurardiet.fr\/\"},{\"@type\":\"ListItem\",\"position\":2,\"name\":\"Honoraires\"}]},{\"@type\":\"WebSite\",\"@id\":\"https:\/\/docteurardiet.fr\/#website\",\"url\":\"https:\/\/docteurardiet.fr\/\",\"name\":\"Dr Emmanuel ARDIET\",\"description\":\"Gyn\u00e9cologue-obst\u00e9tricien \u00e0 Lille\",\"potentialAction\":[{\"@type\":\"SearchAction\",\"target\":{\"@type\":\"EntryPoint\",\"urlTemplate\":\"https:\/\/docteurardiet.fr\/?s={search_term_string}\"},\"query-input\":\"required name=search_term_string\"}],\"inLanguage\":\"fr-FR\"}]}<\/script>\n<!-- \/ Yoast SEO plugin. -->","yoast_head_json":{"title":"Honoraires - Dr Emmanuel ARDIET","robots":{"index":"index","follow":"follow","max-snippet":"max-snippet:-1","max-image-preview":"max-image-preview:large","max-video-preview":"max-video-preview:-1"},"canonical":"https:\/\/docteurardiet.fr\/?page_id=198","og_locale":"fr_FR","og_type":"article","og_title":"Honoraires - Dr Emmanuel ARDIET","og_description":"Je suis install\u00e9 en secteur 2, c&rsquo;est \u00e0 dire que le montant de mes honoraires est fix\u00e9 librement. La Convention que j&rsquo;ai sign\u00e9e avec l&rsquo;Assurance Maladie m&rsquo;oblige toutefois \u00e0 pratiquer le tarif opposable dans certaines situations (CMU, ACS). J&rsquo;ai par ailleurs sign\u00e9 l&rsquo;OPTAM-CO, qui permet un meilleur remboursement des patientes par les mutuelles, en \u00e9change &hellip; Continuer la lecture de &laquo;&nbsp;Honoraires&nbsp;&raquo;","og_url":"https:\/\/docteurardiet.fr\/?page_id=198","og_site_name":"Dr Emmanuel ARDIET","article_modified_time":"2022-03-22T07:51:55+00:00","twitter_card":"summary_large_image","twitter_misc":{"Dur\u00e9e de lecture estim\u00e9e":"1 minute"},"schema":{"@context":"https:\/\/schema.org","@graph":[{"@type":"WebPage","@id":"https:\/\/docteurardiet.fr\/?page_id=198","url":"https:\/\/docteurardiet.fr\/?page_id=198","name":"Honoraires - Dr Emmanuel ARDIET","isPartOf":{"@id":"https:\/\/docteurardiet.fr\/#website"},"datePublished":"2022-03-22T07:50:26+00:00","dateModified":"2022-03-22T07:51:55+00:00","breadcrumb":{"@id":"https:\/\/docteurardiet.fr\/?page_id=198#breadcrumb"},"inLanguage":"fr-FR","potentialAction":[{"@type":"ReadAction","target":["https:\/\/docteurardiet.fr\/?page_id=198"]}]},{"@type":"BreadcrumbList","@id":"https:\/\/docteurardiet.fr\/?page_id=198#breadcrumb","itemListElement":[{"@type":"ListItem","position":1,"name":"Accueil","item":"https:\/\/docteurardiet.fr\/"},{"@type":"ListItem","position":2,"name":"Honoraires"}]},{"@type":"WebSite","@id":"https:\/\/docteurardiet.fr\/#website","url":"https:\/\/docteurardiet.fr\/","name":"Dr Emmanuel ARDIET","description":"Gyn\u00e9cologue-obst\u00e9tricien \u00e0 Lille","potentialAction":[{"@type":"SearchAction","target":{"@type":"EntryPoint","urlTemplate":"https:\/\/docteurardiet.fr\/?s={search_term_string}"},"query-input":"required name=search_term_string"}],"inLanguage":"fr-FR"}]}},"_links":{"self":[{"href":"https:\/\/docteurardiet.fr\/index.php?rest_route=\/wp\/v2\/pages\/198"}],"collection":[{"href":"https:\/\/docteurardiet.fr\/index.php?rest_route=\/wp\/v2\/pages"}],"about":[{"href":"https:\/\/docteurardiet.fr\/index.php?rest_route=\/wp\/v2\/types\/page"}],"author":[{"embeddable":true,"href":"https:\/\/docteurardiet.fr\/index.php?rest_route=\/wp\/v2\/users\/1"}],"replies":[{"embeddable":true,"href":"https:\/\/docteurardiet.fr\/index.php?rest_route=%2Fwp%2Fv2%2Fcomments&post=198"}],"version-history":[{"count":1,"href":"https:\/\/docteurardiet.fr\/index.php?rest_route=\/wp\/v2\/pages\/198\/revisions"}],"predecessor-version":[{"id":199,"href":"https:\/\/docteurardiet.fr\/index.php?rest_route=\/wp\/v2\/pages\/198\/revisions\/199"}],"wp:attachment":[{"href":"https:\/\/docteurardiet.fr\/index.php?rest_route=%2Fwp%2Fv2%2Fmedia&parent=198"}],"curies":[{"name":"wp","href":"https:\/\/api.w.org\/{rel}","templated":true}]}}