{"id":211,"date":"2022-03-26T23:45:44","date_gmt":"2022-03-26T22:45:44","guid":{"rendered":"https:\/\/docteurardiet.fr\/?page_id=211"},"modified":"2024-06-29T16:09:50","modified_gmt":"2024-06-29T14:09:50","slug":"plan-dacces","status":"publish","type":"page","link":"https:\/\/docteurardiet.fr\/?page_id=211","title":{"rendered":"Plan d&rsquo;acc\u00e8s"},"content":{"rendered":"\n<p>Venir en transports en commun (ILEVIA) au cabinet 110 avenue de Dunkerque \u00e0 Lille<\/p>\n\n\n\n<ul>\n<li>M\u00e9tro Ligne 2 arr\u00eat BOIS BLANCS<\/li>\n\n\n\n<li>Bus Ligne 18 arr\u00eat BOIS BLANCS<\/li>\n<\/ul>\n\n\n\n<hr class=\"wp-block-separator has-css-opacity\"\/>\n\n\n\n<p>En raison du plan Vigipirate, l&rsquo;acc\u00e8s au cabinet n&rsquo;est pas possible par l&rsquo;entr\u00e9e \u00e0 l&rsquo;angle entre l&rsquo;avenue de Dunkerque et l&rsquo;avenue Marx Dormoy et se fait exclusivement par l&rsquo;entr\u00e9e de la maternit\u00e9, au 44 avenue Marx Dormoy.<\/p>\n\n\n\n<p><em>(dans le hall d&rsquo;accueil, prendre l&rsquo;escalier imm\u00e9diatement \u00e0 votre gauche, longer les distributeurs automatiques et prendre le long couloir sur votre droite: le secr\u00e9tariat se trouve quasiment au but)<\/em><\/p>\n","protected":false},"excerpt":{"rendered":"<p>Venir en transports en commun (ILEVIA) au cabinet 110 avenue de Dunkerque \u00e0 Lille En raison du plan Vigipirate, l&rsquo;acc\u00e8s au cabinet n&rsquo;est pas possible par l&rsquo;entr\u00e9e \u00e0 l&rsquo;angle entre l&rsquo;avenue de Dunkerque et l&rsquo;avenue Marx Dormoy et se fait exclusivement par l&rsquo;entr\u00e9e de la maternit\u00e9, au 44 avenue Marx Dormoy. (dans le hall d&rsquo;accueil, &hellip; <\/p>\n<p class=\"link-more\"><a href=\"https:\/\/docteurardiet.fr\/?page_id=211\" class=\"more-link\">Continuer la lecture<span class=\"screen-reader-text\"> de &laquo;&nbsp;Plan d&rsquo;acc\u00e8s&nbsp;&raquo;<\/span><\/a><\/p>\n","protected":false},"author":1,"featured_media":0,"parent":0,"menu_order":0,"comment_status":"closed","ping_status":"closed","template":"","meta":{"footnotes":""},"yoast_head":"<!-- This site is optimized with the Yoast SEO plugin v20.4 - https:\/\/yoast.com\/wordpress\/plugins\/seo\/ -->\n<title>Plan d&#039;acc\u00e8s - Dr Emmanuel ARDIET<\/title>\n<meta name=\"robots\" content=\"index, follow, max-snippet:-1, max-image-preview:large, max-video-preview:-1\" \/>\n<link rel=\"canonical\" href=\"https:\/\/docteurardiet.fr\/?page_id=211\" \/>\n<meta property=\"og:locale\" content=\"fr_FR\" \/>\n<meta property=\"og:type\" content=\"article\" \/>\n<meta property=\"og:title\" content=\"Plan d&#039;acc\u00e8s - Dr Emmanuel ARDIET\" \/>\n<meta property=\"og:description\" content=\"Venir en transports en commun (ILEVIA) au cabinet 110 avenue de Dunkerque \u00e0 Lille En raison du plan Vigipirate, l&rsquo;acc\u00e8s au cabinet n&rsquo;est pas possible par l&rsquo;entr\u00e9e \u00e0 l&rsquo;angle entre l&rsquo;avenue de Dunkerque et l&rsquo;avenue Marx Dormoy et se fait exclusivement par l&rsquo;entr\u00e9e de la maternit\u00e9, au 44 avenue Marx Dormoy. (dans le hall d&rsquo;accueil, &hellip; Continuer la lecture de &laquo;&nbsp;Plan d&rsquo;acc\u00e8s&nbsp;&raquo;\" \/>\n<meta property=\"og:url\" content=\"https:\/\/docteurardiet.fr\/?page_id=211\" \/>\n<meta property=\"og:site_name\" content=\"Dr Emmanuel ARDIET\" \/>\n<meta property=\"article:modified_time\" content=\"2024-06-29T14:09:50+00:00\" \/>\n<meta name=\"twitter:card\" content=\"summary_large_image\" \/>\n<meta name=\"twitter:label1\" content=\"Dur\u00e9e de lecture estim\u00e9e\" \/>\n\t<meta name=\"twitter:data1\" content=\"1 minute\" \/>\n<script type=\"application\/ld+json\" class=\"yoast-schema-graph\">{\"@context\":\"https:\/\/schema.org\",\"@graph\":[{\"@type\":\"WebPage\",\"@id\":\"https:\/\/docteurardiet.fr\/?page_id=211\",\"url\":\"https:\/\/docteurardiet.fr\/?page_id=211\",\"name\":\"Plan d'acc\u00e8s - Dr Emmanuel ARDIET\",\"isPartOf\":{\"@id\":\"https:\/\/docteurardiet.fr\/#website\"},\"datePublished\":\"2022-03-26T22:45:44+00:00\",\"dateModified\":\"2024-06-29T14:09:50+00:00\",\"breadcrumb\":{\"@id\":\"https:\/\/docteurardiet.fr\/?page_id=211#breadcrumb\"},\"inLanguage\":\"fr-FR\",\"potentialAction\":[{\"@type\":\"ReadAction\",\"target\":[\"https:\/\/docteurardiet.fr\/?page_id=211\"]}]},{\"@type\":\"BreadcrumbList\",\"@id\":\"https:\/\/docteurardiet.fr\/?page_id=211#breadcrumb\",\"itemListElement\":[{\"@type\":\"ListItem\",\"position\":1,\"name\":\"Accueil\",\"item\":\"https:\/\/docteurardiet.fr\/\"},{\"@type\":\"ListItem\",\"position\":2,\"name\":\"Plan d&rsquo;acc\u00e8s\"}]},{\"@type\":\"WebSite\",\"@id\":\"https:\/\/docteurardiet.fr\/#website\",\"url\":\"https:\/\/docteurardiet.fr\/\",\"name\":\"Dr Emmanuel ARDIET\",\"description\":\"Gyn\u00e9cologue-obst\u00e9tricien \u00e0 Lille\",\"potentialAction\":[{\"@type\":\"SearchAction\",\"target\":{\"@type\":\"EntryPoint\",\"urlTemplate\":\"https:\/\/docteurardiet.fr\/?s={search_term_string}\"},\"query-input\":\"required name=search_term_string\"}],\"inLanguage\":\"fr-FR\"}]}<\/script>\n<!-- \/ Yoast SEO plugin. -->","yoast_head_json":{"title":"Plan d'acc\u00e8s - Dr Emmanuel ARDIET","robots":{"index":"index","follow":"follow","max-snippet":"max-snippet:-1","max-image-preview":"max-image-preview:large","max-video-preview":"max-video-preview:-1"},"canonical":"https:\/\/docteurardiet.fr\/?page_id=211","og_locale":"fr_FR","og_type":"article","og_title":"Plan d'acc\u00e8s - Dr Emmanuel ARDIET","og_description":"Venir en transports en commun (ILEVIA) au cabinet 110 avenue de Dunkerque \u00e0 Lille En raison du plan Vigipirate, l&rsquo;acc\u00e8s au cabinet n&rsquo;est pas possible par l&rsquo;entr\u00e9e \u00e0 l&rsquo;angle entre l&rsquo;avenue de Dunkerque et l&rsquo;avenue Marx Dormoy et se fait exclusivement par l&rsquo;entr\u00e9e de la maternit\u00e9, au 44 avenue Marx Dormoy. (dans le hall d&rsquo;accueil, &hellip; Continuer la lecture de &laquo;&nbsp;Plan d&rsquo;acc\u00e8s&nbsp;&raquo;","og_url":"https:\/\/docteurardiet.fr\/?page_id=211","og_site_name":"Dr Emmanuel ARDIET","article_modified_time":"2024-06-29T14:09:50+00:00","twitter_card":"summary_large_image","twitter_misc":{"Dur\u00e9e de lecture estim\u00e9e":"1 minute"},"schema":{"@context":"https:\/\/schema.org","@graph":[{"@type":"WebPage","@id":"https:\/\/docteurardiet.fr\/?page_id=211","url":"https:\/\/docteurardiet.fr\/?page_id=211","name":"Plan d'acc\u00e8s - Dr Emmanuel ARDIET","isPartOf":{"@id":"https:\/\/docteurardiet.fr\/#website"},"datePublished":"2022-03-26T22:45:44+00:00","dateModified":"2024-06-29T14:09:50+00:00","breadcrumb":{"@id":"https:\/\/docteurardiet.fr\/?page_id=211#breadcrumb"},"inLanguage":"fr-FR","potentialAction":[{"@type":"ReadAction","target":["https:\/\/docteurardiet.fr\/?page_id=211"]}]},{"@type":"BreadcrumbList","@id":"https:\/\/docteurardiet.fr\/?page_id=211#breadcrumb","itemListElement":[{"@type":"ListItem","position":1,"name":"Accueil","item":"https:\/\/docteurardiet.fr\/"},{"@type":"ListItem","position":2,"name":"Plan d&rsquo;acc\u00e8s"}]},{"@type":"WebSite","@id":"https:\/\/docteurardiet.fr\/#website","url":"https:\/\/docteurardiet.fr\/","name":"Dr Emmanuel ARDIET","description":"Gyn\u00e9cologue-obst\u00e9tricien \u00e0 Lille","potentialAction":[{"@type":"SearchAction","target":{"@type":"EntryPoint","urlTemplate":"https:\/\/docteurardiet.fr\/?s={search_term_string}"},"query-input":"required name=search_term_string"}],"inLanguage":"fr-FR"}]}},"_links":{"self":[{"href":"https:\/\/docteurardiet.fr\/index.php?rest_route=\/wp\/v2\/pages\/211"}],"collection":[{"href":"https:\/\/docteurardiet.fr\/index.php?rest_route=\/wp\/v2\/pages"}],"about":[{"href":"https:\/\/docteurardiet.fr\/index.php?rest_route=\/wp\/v2\/types\/page"}],"author":[{"embeddable":true,"href":"https:\/\/docteurardiet.fr\/index.php?rest_route=\/wp\/v2\/users\/1"}],"replies":[{"embeddable":true,"href":"https:\/\/docteurardiet.fr\/index.php?rest_route=%2Fwp%2Fv2%2Fcomments&post=211"}],"version-history":[{"count":2,"href":"https:\/\/docteurardiet.fr\/index.php?rest_route=\/wp\/v2\/pages\/211\/revisions"}],"predecessor-version":[{"id":221,"href":"https:\/\/docteurardiet.fr\/index.php?rest_route=\/wp\/v2\/pages\/211\/revisions\/221"}],"wp:attachment":[{"href":"https:\/\/docteurardiet.fr\/index.php?rest_route=%2Fwp%2Fv2%2Fmedia&parent=211"}],"curies":[{"name":"wp","href":"https:\/\/api.w.org\/{rel}","templated":true}]}}